{"id":176,"date":"2025-08-30T19:11:40","date_gmt":"2025-08-30T19:11:40","guid":{"rendered":"https:\/\/aeroconcept.net\/de\/?page_id=176"},"modified":"2025-10-04T12:06:32","modified_gmt":"2025-10-04T12:06:32","slug":"impressum","status":"publish","type":"page","link":"https:\/\/aeroconcept.net\/de\/impressum\/","title":{"rendered":"Impressum"},"content":{"rendered":"\n<h2 class=\"wp-block-heading\"><strong>Impressum<\/strong><\/h2>\n\n\n\n<p>Angaben gem\u00e4\u00df \u00a7 5 TMG:<\/p>\n\n\n\n<h2 class=\"wp-block-heading\"><strong>Firma \/ Unternehmensname<\/strong><\/h2>\n\n\n\n<p>Stra\u00dfe Hausnummer<\/p>\n\n\n\n<p>PLZ Ort<\/p>\n\n\n\n<p>Land<\/p>\n\n\n\n<p><strong>Vertreten durch:<\/strong><\/p>\n\n\n\n<p>Gesch\u00e4ftsf\u00fchrer \/ Inhaber<\/p>\n\n\n\n<h2 class=\"wp-block-heading\"><strong>Kontakt:<\/strong><\/h2>\n\n\n\n<p>Telefon: +49 (0)123 456789<\/p>\n\n\n\n<p>E-Mail: info@domain.de<\/p>\n\n\n\n<h2 class=\"wp-block-heading\"><strong>Registereintrag:<\/strong><\/h2>\n\n\n\n<p>Eintragung im Handelsregister.<\/p>\n\n\n\n<p>Registergericht: Amtsgericht [Ort]<\/p>\n\n\n\n<p>Registernummer: HRB 123456<\/p>\n\n\n\n<h2 class=\"wp-block-heading\"><strong>Umsatzsteuer-ID:<\/strong><\/h2>\n\n\n\n<p>Umsatzsteuer-Identifikationsnummer gem\u00e4\u00df \u00a7 27 a Umsatzsteuergesetz: DE123456789<\/p>\n\n\n\n<hr class=\"wp-block-separator has-alpha-channel-opacity\"\/>\n","protected":false},"excerpt":{"rendered":"<p>Impressum Angaben gem\u00e4\u00df \u00a7 5 TMG: Firma \/ Unternehmensname Stra\u00dfe Hausnummer PLZ Ort Land Vertreten durch: Gesch\u00e4ftsf\u00fchrer \/ Inhaber Kontakt:&#8230;<\/p>\n","protected":false},"author":2,"featured_media":0,"parent":0,"menu_order":0,"comment_status":"closed","ping_status":"closed","template":"","meta":{"footnotes":""},"class_list":["post-176","page","type-page","status-publish","hentry"],"_links":{"self":[{"href":"https:\/\/aeroconcept.net\/de\/wp-json\/wp\/v2\/pages\/176","targetHints":{"allow":["GET"]}}],"collection":[{"href":"https:\/\/aeroconcept.net\/de\/wp-json\/wp\/v2\/pages"}],"about":[{"href":"https:\/\/aeroconcept.net\/de\/wp-json\/wp\/v2\/types\/page"}],"author":[{"embeddable":true,"href":"https:\/\/aeroconcept.net\/de\/wp-json\/wp\/v2\/users\/2"}],"replies":[{"embeddable":true,"href":"https:\/\/aeroconcept.net\/de\/wp-json\/wp\/v2\/comments?post=176"}],"version-history":[{"count":11,"href":"https:\/\/aeroconcept.net\/de\/wp-json\/wp\/v2\/pages\/176\/revisions"}],"predecessor-version":[{"id":255,"href":"https:\/\/aeroconcept.net\/de\/wp-json\/wp\/v2\/pages\/176\/revisions\/255"}],"wp:attachment":[{"href":"https:\/\/aeroconcept.net\/de\/wp-json\/wp\/v2\/media?parent=176"}],"curies":[{"name":"wp","href":"https:\/\/api.w.org\/{rel}","templated":true}]}}