{"id":3,"date":"2025-07-27T14:22:08","date_gmt":"2025-07-27T14:22:08","guid":{"rendered":"https:\/\/aeroconcept.net\/?page_id=3"},"modified":"2025-09-07T18:48:17","modified_gmt":"2025-09-07T18:48:17","slug":"privacy-policy","status":"publish","type":"page","link":"https:\/\/aeroconcept.net\/de\/privacy-policy\/","title":{"rendered":"Datenschutzerkl\u00e4rung"},"content":{"rendered":"\n<h2 class=\"wp-block-heading\"><strong>Datenschutzerkl\u00e4rung<\/strong><\/h2>\n\n\n\n<p>Wir nehmen den Schutz Ihrer pers\u00f6nlichen Daten sehr ernst. Ihre Daten werden ausschlie\u00dflich gem\u00e4\u00df den gesetzlichen Bestimmungen der DSGVO verarbeitet.<\/p>\n\n\n\n<p><strong>Erhebung und Nutzung<\/strong><\/p>\n\n\n\n<p>Beim Besuch unserer Website werden automatisch technische Daten (z. B. IP-Adresse, Browsertyp, Zugriffszeit) erfasst. Personenbezogene Daten wie Name, E-Mail oder Telefonnummer verarbeiten wir nur, wenn Sie diese freiwillig \u00fcber unser Kontaktformular angeben.<\/p>\n\n\n\n<h2 class=\"wp-block-heading\"><strong>Zweck der Verarbeitung<\/strong><\/h2>\n\n\n\n<p>Die Verarbeitung dient ausschlie\u00dflich der Beantwortung von Anfragen, Verbesserung unserer Website sowie der Vertragserf\u00fcllung.<\/p>\n\n\n\n<h2 class=\"wp-block-heading\"><strong>Cookies &#038; Analyse<\/strong><\/h2>\n\n\n\n<p>Unsere Website verwendet technisch notwendige Cookies. Eine Webanalyse erfolgt nur in anonymisierter Form.<\/p>\n\n\n\n<h2 class=\"wp-block-heading\"><strong>Weitergabe<\/strong><\/h2>\n\n\n\n<p>Eine Weitergabe Ihrer Daten an Dritte erfolgt nur, wenn dies gesetzlich vorgeschrieben oder zur Vertragserf\u00fcllung notwendig ist.<\/p>\n\n\n\n<h2 class=\"wp-block-heading\"><strong>Ihre Rechte<\/strong><\/h2>\n\n\n\n<p>Sie haben jederzeit das Recht auf Auskunft, Berichtigung, L\u00f6schung und Einschr\u00e4nkung der Verarbeitung Ihrer Daten. Kontaktieren Sie uns hierzu bitte unter der im Impressum angegebenen Adresse.<\/p>\n","protected":false},"excerpt":{"rendered":"<p>Datenschutzerkl\u00e4rung Wir nehmen den Schutz Ihrer pers\u00f6nlichen Daten sehr ernst. Ihre Daten werden ausschlie\u00dflich gem\u00e4\u00df den gesetzlichen Bestimmungen der DSGVO&#8230;<\/p>\n","protected":false},"author":1,"featured_media":0,"parent":0,"menu_order":0,"comment_status":"closed","ping_status":"open","template":"","meta":{"footnotes":""},"class_list":["post-3","page","type-page","status-publish","hentry"],"_links":{"self":[{"href":"https:\/\/aeroconcept.net\/de\/wp-json\/wp\/v2\/pages\/3","targetHints":{"allow":["GET"]}}],"collection":[{"href":"https:\/\/aeroconcept.net\/de\/wp-json\/wp\/v2\/pages"}],"about":[{"href":"https:\/\/aeroconcept.net\/de\/wp-json\/wp\/v2\/types\/page"}],"author":[{"embeddable":true,"href":"https:\/\/aeroconcept.net\/de\/wp-json\/wp\/v2\/users\/1"}],"replies":[{"embeddable":true,"href":"https:\/\/aeroconcept.net\/de\/wp-json\/wp\/v2\/comments?post=3"}],"version-history":[{"count":15,"href":"https:\/\/aeroconcept.net\/de\/wp-json\/wp\/v2\/pages\/3\/revisions"}],"predecessor-version":[{"id":190,"href":"https:\/\/aeroconcept.net\/de\/wp-json\/wp\/v2\/pages\/3\/revisions\/190"}],"wp:attachment":[{"href":"https:\/\/aeroconcept.net\/de\/wp-json\/wp\/v2\/media?parent=3"}],"curies":[{"name":"wp","href":"https:\/\/api.w.org\/{rel}","templated":true}]}}